{"id":3471,"date":"2023-08-20T15:43:49","date_gmt":"2023-08-20T13:43:49","guid":{"rendered":"https:\/\/vosanimauxetmoi.com\/?page_id=3471"},"modified":"2023-08-20T15:45:15","modified_gmt":"2023-08-20T13:45:15","slug":"reserver-sa-place-en-pension-education","status":"publish","type":"page","link":"https:\/\/vosanimauxetmoi.com\/index.php\/reserver-sa-place-en-pension-education\/","title":{"rendered":"R\u00e9server sa place en pension \u00e9ducation"},"content":{"rendered":"\t\t<div data-elementor-type=\"wp-page\" data-elementor-id=\"3471\" class=\"elementor elementor-3471\">\n\t\t\t\t\t\t<section class=\"elementor-section elementor-top-section elementor-element elementor-element-e0aec89 elementor-section-boxed elementor-section-height-default elementor-section-height-default\" data-id=\"e0aec89\" data-element_type=\"section\" data-e-type=\"section\">\n\t\t\t\t\t\t<div class=\"elementor-container elementor-column-gap-default\">\n\t\t\t\t\t<div class=\"elementor-column elementor-col-100 elementor-top-column elementor-element elementor-element-804ff90\" data-id=\"804ff90\" data-element_type=\"column\" data-e-type=\"column\">\n\t\t\t<div class=\"elementor-widget-wrap elementor-element-populated\">\n\t\t\t\t\t\t<div class=\"elementor-element elementor-element-fa3319e elementor-widget elementor-widget-heading\" data-id=\"fa3319e\" data-element_type=\"widget\" data-e-type=\"widget\" data-widget_type=\"heading.default\">\n\t\t\t\t<div class=\"elementor-widget-container\">\n\t\t\t\t\t<h2 class=\"elementor-heading-title elementor-size-default\">Je r\u00e9serve sa place en pension \u00e9ducation<\/h2>\t\t\t\t<\/div>\n\t\t\t\t<\/div>\n\t\t\t\t<div class=\"elementor-element elementor-element-94c9a75 elementor-widget elementor-widget-shortcode\" data-id=\"94c9a75\" data-element_type=\"widget\" data-e-type=\"widget\" data-widget_type=\"shortcode.default\">\n\t\t\t\t<div class=\"elementor-widget-container\">\n\t\t\t\t\t\t\t<div class=\"elementor-shortcode\"><\/div>\n\t\t\t\t\t\t<\/div>\n\t\t\t\t<\/div>\n\t\t\t\t\t<\/div>\n\t\t<\/div>\n\t\t\t\t\t<\/div>\n\t\t<\/section>\n\t\t\t\t<\/div>\n\t\t","protected":false},"excerpt":{"rendered":"<p>Je r\u00e9serve sa place en pension \u00e9ducation<\/p>\n","protected":false},"author":1,"featured_media":0,"parent":0,"menu_order":0,"comment_status":"closed","ping_status":"closed","template":"","meta":{"_eb_attr":"","_uag_custom_page_level_css":"","site-sidebar-layout":"no-sidebar","site-content-layout":"page-builder","ast-site-content-layout":"","site-content-style":"default","site-sidebar-style":"default","ast-global-header-display":"","ast-banner-title-visibility":"","ast-main-header-display":"","ast-hfb-above-header-display":"","ast-hfb-below-header-display":"","ast-hfb-mobile-header-display":"","site-post-title":"disabled","ast-breadcrumbs-content":"","ast-featured-img":"disabled","footer-sml-layout":"","theme-transparent-header-meta":"","adv-header-id-meta":"","stick-header-meta":"","header-above-stick-meta":"","header-main-stick-meta":"","header-below-stick-meta":"","astra-migrate-meta-layouts":"default","ast-page-background-enabled":"default","ast-page-background-meta":{"desktop":{"background-color":"","background-image":"","background-repeat":"repeat","background-position":"center center","background-size":"auto","background-attachment":"scroll","background-type":"","background-media":"","overlay-type":"","overlay-color":"","overlay-opacity":"","overlay-gradient":""},"tablet":{"background-color":"","background-image":"","background-repeat":"repeat","background-position":"center center","background-size":"auto","background-attachment":"scroll","background-type":"","background-media":"","overlay-type":"","overlay-color":"","overlay-opacity":"","overlay-gradient":""},"mobile":{"background-color":"","background-image":"","background-repeat":"repeat","background-position":"center center","background-size":"auto","background-attachment":"scroll","background-type":"","background-media":"","overlay-type":"","overlay-color":"","overlay-opacity":"","overlay-gradient":""}},"ast-content-background-meta":{"desktop":{"background-color":"var(--ast-global-color-5)","background-image":"","background-repeat":"repeat","background-position":"center center","background-size":"auto","background-attachment":"scroll","background-type":"","background-media":"","overlay-type":"","overlay-color":"","overlay-opacity":"","overlay-gradient":""},"tablet":{"background-color":"var(--ast-global-color-5)","background-image":"","background-repeat":"repeat","background-position":"center center","background-size":"auto","background-attachment":"scroll","background-type":"","background-media":"","overlay-type":"","overlay-color":"","overlay-opacity":"","overlay-gradient":""},"mobile":{"background-color":"var(--ast-global-color-5)","background-image":"","background-repeat":"repeat","background-position":"center center","background-size":"auto","background-attachment":"scroll","background-type":"","background-media":"","overlay-type":"","overlay-color":"","overlay-opacity":"","overlay-gradient":""}},"footnotes":""},"class_list":["post-3471","page","type-page","status-publish","hentry"],"yoast_head":"<!-- This site is optimized with the Yoast SEO plugin v27.4 - https:\/\/yoast.com\/product\/yoast-seo-wordpress\/ -->\n<title>R\u00e9server sa place en pension \u00e9ducation - Vos animaux et moi<\/title>\n<meta name=\"robots\" content=\"index, follow, max-snippet:-1, max-image-preview:large, max-video-preview:-1\" \/>\n<link rel=\"canonical\" href=\"https:\/\/vosanimauxetmoi.com\/index.php\/reserver-sa-place-en-pension-education\/\" \/>\n<meta property=\"og:locale\" content=\"fr_FR\" \/>\n<meta property=\"og:type\" content=\"article\" \/>\n<meta property=\"og:title\" content=\"R\u00e9server sa place en pension \u00e9ducation - Vos animaux et moi\" \/>\n<meta property=\"og:description\" content=\"Je r\u00e9serve sa place en pension \u00e9ducation\" \/>\n<meta property=\"og:url\" content=\"https:\/\/vosanimauxetmoi.com\/index.php\/reserver-sa-place-en-pension-education\/\" \/>\n<meta property=\"og:site_name\" content=\"Vos animaux et moi\" \/>\n<meta property=\"article:modified_time\" content=\"2023-08-20T13:45:15+00:00\" \/>\n<meta name=\"twitter:card\" content=\"summary_large_image\" \/>\n<meta name=\"twitter:label1\" content=\"Dur\u00e9e de lecture estim\u00e9e\" \/>\n\t<meta name=\"twitter:data1\" content=\"1 minute\" \/>\n<script type=\"application\/ld+json\" class=\"yoast-schema-graph\">{\"@context\":\"https:\\\/\\\/schema.org\",\"@graph\":[{\"@type\":\"WebPage\",\"@id\":\"https:\\\/\\\/vosanimauxetmoi.com\\\/index.php\\\/reserver-sa-place-en-pension-education\\\/\",\"url\":\"https:\\\/\\\/vosanimauxetmoi.com\\\/index.php\\\/reserver-sa-place-en-pension-education\\\/\",\"name\":\"R\u00e9server sa place en pension \u00e9ducation - Vos animaux et moi\",\"isPartOf\":{\"@id\":\"https:\\\/\\\/vosanimauxetmoi.com\\\/#website\"},\"datePublished\":\"2023-08-20T13:43:49+00:00\",\"dateModified\":\"2023-08-20T13:45:15+00:00\",\"breadcrumb\":{\"@id\":\"https:\\\/\\\/vosanimauxetmoi.com\\\/index.php\\\/reserver-sa-place-en-pension-education\\\/#breadcrumb\"},\"inLanguage\":\"fr-FR\",\"potentialAction\":[{\"@type\":\"ReadAction\",\"target\":[\"https:\\\/\\\/vosanimauxetmoi.com\\\/index.php\\\/reserver-sa-place-en-pension-education\\\/\"]}]},{\"@type\":\"BreadcrumbList\",\"@id\":\"https:\\\/\\\/vosanimauxetmoi.com\\\/index.php\\\/reserver-sa-place-en-pension-education\\\/#breadcrumb\",\"itemListElement\":[{\"@type\":\"ListItem\",\"position\":1,\"name\":\"Accueil\",\"item\":\"https:\\\/\\\/vosanimauxetmoi.com\\\/\"},{\"@type\":\"ListItem\",\"position\":2,\"name\":\"R\u00e9server sa place en pension \u00e9ducation\"}]},{\"@type\":\"WebSite\",\"@id\":\"https:\\\/\\\/vosanimauxetmoi.com\\\/#website\",\"url\":\"https:\\\/\\\/vosanimauxetmoi.com\\\/\",\"name\":\"Vos animaux et moi\",\"description\":\"Education canine pension familiale canine\",\"publisher\":{\"@id\":\"https:\\\/\\\/vosanimauxetmoi.com\\\/#organization\"},\"potentialAction\":[{\"@type\":\"SearchAction\",\"target\":{\"@type\":\"EntryPoint\",\"urlTemplate\":\"https:\\\/\\\/vosanimauxetmoi.com\\\/?s={search_term_string}\"},\"query-input\":{\"@type\":\"PropertyValueSpecification\",\"valueRequired\":true,\"valueName\":\"search_term_string\"}}],\"inLanguage\":\"fr-FR\"},{\"@type\":\"Organization\",\"@id\":\"https:\\\/\\\/vosanimauxetmoi.com\\\/#organization\",\"name\":\"Vos animaux et moi\",\"url\":\"https:\\\/\\\/vosanimauxetmoi.com\\\/\",\"logo\":{\"@type\":\"ImageObject\",\"inLanguage\":\"fr-FR\",\"@id\":\"https:\\\/\\\/vosanimauxetmoi.com\\\/#\\\/schema\\\/logo\\\/image\\\/\",\"url\":\"https:\\\/\\\/vosanimauxetmoi.com\\\/wp-content\\\/uploads\\\/2022\\\/11\\\/LOGO-2.png\",\"contentUrl\":\"https:\\\/\\\/vosanimauxetmoi.com\\\/wp-content\\\/uploads\\\/2022\\\/11\\\/LOGO-2.png\",\"width\":1265,\"height\":1457,\"caption\":\"Vos animaux et moi\"},\"image\":{\"@id\":\"https:\\\/\\\/vosanimauxetmoi.com\\\/#\\\/schema\\\/logo\\\/image\\\/\"}}]}<\/script>\n<!-- \/ Yoast SEO plugin. -->","yoast_head_json":{"title":"R\u00e9server sa place en pension \u00e9ducation - Vos animaux et moi","robots":{"index":"index","follow":"follow","max-snippet":"max-snippet:-1","max-image-preview":"max-image-preview:large","max-video-preview":"max-video-preview:-1"},"canonical":"https:\/\/vosanimauxetmoi.com\/index.php\/reserver-sa-place-en-pension-education\/","og_locale":"fr_FR","og_type":"article","og_title":"R\u00e9server sa place en pension \u00e9ducation - Vos animaux et moi","og_description":"Je r\u00e9serve sa place en pension \u00e9ducation","og_url":"https:\/\/vosanimauxetmoi.com\/index.php\/reserver-sa-place-en-pension-education\/","og_site_name":"Vos animaux et moi","article_modified_time":"2023-08-20T13:45:15+00:00","twitter_card":"summary_large_image","twitter_misc":{"Dur\u00e9e de lecture estim\u00e9e":"1 minute"},"schema":{"@context":"https:\/\/schema.org","@graph":[{"@type":"WebPage","@id":"https:\/\/vosanimauxetmoi.com\/index.php\/reserver-sa-place-en-pension-education\/","url":"https:\/\/vosanimauxetmoi.com\/index.php\/reserver-sa-place-en-pension-education\/","name":"R\u00e9server sa place en pension \u00e9ducation - Vos animaux et moi","isPartOf":{"@id":"https:\/\/vosanimauxetmoi.com\/#website"},"datePublished":"2023-08-20T13:43:49+00:00","dateModified":"2023-08-20T13:45:15+00:00","breadcrumb":{"@id":"https:\/\/vosanimauxetmoi.com\/index.php\/reserver-sa-place-en-pension-education\/#breadcrumb"},"inLanguage":"fr-FR","potentialAction":[{"@type":"ReadAction","target":["https:\/\/vosanimauxetmoi.com\/index.php\/reserver-sa-place-en-pension-education\/"]}]},{"@type":"BreadcrumbList","@id":"https:\/\/vosanimauxetmoi.com\/index.php\/reserver-sa-place-en-pension-education\/#breadcrumb","itemListElement":[{"@type":"ListItem","position":1,"name":"Accueil","item":"https:\/\/vosanimauxetmoi.com\/"},{"@type":"ListItem","position":2,"name":"R\u00e9server sa place en pension \u00e9ducation"}]},{"@type":"WebSite","@id":"https:\/\/vosanimauxetmoi.com\/#website","url":"https:\/\/vosanimauxetmoi.com\/","name":"Vos animaux et moi","description":"Education canine pension familiale canine","publisher":{"@id":"https:\/\/vosanimauxetmoi.com\/#organization"},"potentialAction":[{"@type":"SearchAction","target":{"@type":"EntryPoint","urlTemplate":"https:\/\/vosanimauxetmoi.com\/?s={search_term_string}"},"query-input":{"@type":"PropertyValueSpecification","valueRequired":true,"valueName":"search_term_string"}}],"inLanguage":"fr-FR"},{"@type":"Organization","@id":"https:\/\/vosanimauxetmoi.com\/#organization","name":"Vos animaux et moi","url":"https:\/\/vosanimauxetmoi.com\/","logo":{"@type":"ImageObject","inLanguage":"fr-FR","@id":"https:\/\/vosanimauxetmoi.com\/#\/schema\/logo\/image\/","url":"https:\/\/vosanimauxetmoi.com\/wp-content\/uploads\/2022\/11\/LOGO-2.png","contentUrl":"https:\/\/vosanimauxetmoi.com\/wp-content\/uploads\/2022\/11\/LOGO-2.png","width":1265,"height":1457,"caption":"Vos animaux et moi"},"image":{"@id":"https:\/\/vosanimauxetmoi.com\/#\/schema\/logo\/image\/"}}]}},"uagb_featured_image_src":{"full":false,"thumbnail":false,"medium":false,"medium_large":false,"large":false,"1536x1536":false,"2048x2048":false,"woocommerce_thumbnail":false,"woocommerce_single":false,"woocommerce_gallery_thumbnail":false},"uagb_author_info":{"display_name":"admin3847","author_link":"https:\/\/vosanimauxetmoi.com\/index.php\/author\/admin3847\/"},"uagb_comment_info":0,"uagb_excerpt":"Je r\u00e9serve sa place en pension \u00e9ducation","_links":{"self":[{"href":"https:\/\/vosanimauxetmoi.com\/index.php\/wp-json\/wp\/v2\/pages\/3471","targetHints":{"allow":["GET"]}}],"collection":[{"href":"https:\/\/vosanimauxetmoi.com\/index.php\/wp-json\/wp\/v2\/pages"}],"about":[{"href":"https:\/\/vosanimauxetmoi.com\/index.php\/wp-json\/wp\/v2\/types\/page"}],"author":[{"embeddable":true,"href":"https:\/\/vosanimauxetmoi.com\/index.php\/wp-json\/wp\/v2\/users\/1"}],"replies":[{"embeddable":true,"href":"https:\/\/vosanimauxetmoi.com\/index.php\/wp-json\/wp\/v2\/comments?post=3471"}],"version-history":[{"count":4,"href":"https:\/\/vosanimauxetmoi.com\/index.php\/wp-json\/wp\/v2\/pages\/3471\/revisions"}],"predecessor-version":[{"id":3475,"href":"https:\/\/vosanimauxetmoi.com\/index.php\/wp-json\/wp\/v2\/pages\/3471\/revisions\/3475"}],"wp:attachment":[{"href":"https:\/\/vosanimauxetmoi.com\/index.php\/wp-json\/wp\/v2\/media?parent=3471"}],"curies":[{"name":"wp","href":"https:\/\/api.w.org\/{rel}","templated":true}]}}