{"id":3,"date":"2019-11-06T16:51:14","date_gmt":"2019-11-06T15:51:14","guid":{"rendered":"http:\/\/vosanimauxetmoi.com\/?page_id=3"},"modified":"2021-07-04T14:27:11","modified_gmt":"2021-07-04T12:27:11","slug":"politique-de-confidentialite","status":"publish","type":"page","link":"https:\/\/vosanimauxetmoi.com\/index.php\/politique-de-confidentialite\/","title":{"rendered":"Politique de confidentialit\u00e9"},"content":{"rendered":"\t\t<div data-elementor-type=\"wp-page\" data-elementor-id=\"3\" class=\"elementor elementor-3\">\n\t\t\t\t\t\t<section class=\"elementor-section elementor-top-section elementor-element elementor-element-1b357258 elementor-section-boxed elementor-section-height-default elementor-section-height-default\" data-id=\"1b357258\" data-element_type=\"section\" data-e-type=\"section\">\n\t\t\t\t\t\t<div class=\"elementor-container elementor-column-gap-default\">\n\t\t\t\t\t<div class=\"elementor-column elementor-col-100 elementor-top-column elementor-element elementor-element-7a0dfefb\" data-id=\"7a0dfefb\" data-element_type=\"column\" data-e-type=\"column\">\n\t\t\t<div class=\"elementor-widget-wrap elementor-element-populated\">\n\t\t\t\t\t\t<div class=\"elementor-element elementor-element-2eddb329 elementor-widget elementor-widget-text-editor\" data-id=\"2eddb329\" data-element_type=\"widget\" data-e-type=\"widget\" data-widget_type=\"text-editor.default\">\n\t\t\t\t<div class=\"elementor-widget-container\">\n\t\t\t\t\t\t\t\t\t<p><strong>Qui sommes-nous\u00a0?<\/strong><\/p><p>L\u2019adresse de notre site Web est : <a href=\"http:\/\/vosanimauxetmoi.com\">http:\/\/vosanimauxetmoi.com<\/a>.<\/p><p>\u00a0L\u00e9a Bidondo Administratrice du site web.<\/p><p><strong>Utilisation des donn\u00e9es personnelles collect\u00e9es<\/strong><\/p><p><strong>Comment vos donn\u00e9es personnelles sont-elles r\u00e9colt\u00e9es ?\u00a0<\/strong><\/p><p>Vos donn\u00e9es personnelles sont r\u00e9colt\u00e9es via notre formulaire du contact, en bas de chaque page ainsi que sur notre <a href=\"https:\/\/vosanimauxetmoi.com\/index.php\/contact-2\/\">page contact.<\/a><\/p><p><strong>Quels types de donn\u00e9es sont r\u00e9colt\u00e9s ?\u00a0<\/strong><\/p><p>Les informations r\u00e9colt\u00e9es sont : le nom, le pr\u00e9nom, l&#8217;email, le t\u00e9l\u00e9phone, le message ou la question, ainsi que le service qui vous int\u00e9resse.\u00a0\u00a0<\/p><p><strong>Quel est l\u2019objectif\u00a0?<\/strong><\/p><p>Les informations r\u00e9colt\u00e9es sont destin\u00e9es \u00e0 \u00e9tablir une premi\u00e8re prise de contact entre l\u2019entreprise et son prospect. Ainsi, vos donn\u00e9es peuvent \u00eatre utilis\u00e9es afin d\u2019\u00e9changer des informations concernant les services propos\u00e9s par l&rsquo;entreprise, de r\u00e9pondre \u00e0 vos questions et d\u2019assurer le suivi de la relation client, tel que l\u2019envoi des factures. Nous utilisons \u00e9galement votre adresse email afin de vous adresser une newsletter, sous r\u00e9serve de votre accord. Vous pourrez vous d\u00e9sabonner, \u00e0 tout moment, gr\u00e2ce au formulaire de d\u00e9sinscription pr\u00e9sent dans chacune de notre newsletter.<\/p><p><strong>Dur\u00e9e de conservation ?\u00a0<\/strong><\/p><p>Si vous laissez un commentaire, le commentaire et ses m\u00e9tadonn\u00e9es sont conserv\u00e9s ind\u00e9finiment. Cela permet de reconna\u00eetre et approuver automatiquement les commentaires suivants au lieu de les laisser dans la file de mod\u00e9ration.<\/p><p>Les donn\u00e9es vous concernant ne seront conserv\u00e9es que six ans \u00e0 compter de la fin de votre derni\u00e8re prestation, ou si vous n\u2019\u00eates pas client, 3 ans apr\u00e8s le dernier contact de votre part, ou dans le respect de la r\u00e8glementation applicable en la mati\u00e8re.<\/p><p><strong>Les mesures de s\u00e9curit\u00e9 pour prot\u00e9ger les donn\u00e9es.\u00a0<\/strong><\/p><p><strong>Les droits que vous avez sur vos donn\u00e9es<\/strong><\/p><p>Si vous avez un compte ou si vous avez laiss\u00e9 des commentaires sur le site, vous pouvez demander \u00e0 recevoir un fichier contenant toutes les donn\u00e9es personnelles que nous poss\u00e9dons \u00e0 votre sujet, incluant celles que vous nous avez fournies. Vous pouvez \u00e9galement demander la suppression des donn\u00e9es personnelles vous concernant. Cela ne prend pas en compte les donn\u00e9es stock\u00e9es \u00e0 des fins administratives, l\u00e9gales ou pour des raisons de s\u00e9curit\u00e9.<\/p><p><strong>Transmission de vos donn\u00e9es personnelles<\/strong><\/p><p>Les commentaires des visiteurs peuvent \u00eatre v\u00e9rifi\u00e9s \u00e0 l\u2019aide d\u2019un service automatique de d\u00e9tection des commentaires ind\u00e9sirables. Aucunes donn\u00e9es personnelles ne sont a ajouter sur notre site, sauf les donn\u00e9es de contact, qui sont-elles, envoy\u00e9es directement \u00e0 la messagerie.<\/p><p><strong>Formulaires de contact et Informations <\/strong><\/p><p>Quand vous remplissez les barres et cases d&rsquo;infos de contact, vos informations seront envoy\u00e9 sur ma boite mail et seront gard\u00e9 jusqu\u2019\u00e0 prise de rendez-vous avec vous. Je serais donc en Possession de votre nom; pr\u00e9nom, et mail et t\u00e9l\u00e9phone. Cela permet d&rsquo;effectuer un \u00e9change et un suivit avec le client. Vos informations ne seront en aucun cas vendu ou d\u00e9tourn\u00e9s.\u00a0<\/p><p><strong>Statistiques et mesures d\u2019audience<\/strong><\/p><p>Nous utilisons des cookies tiers afin de recueillir des statistiques de visites de site via des outils d\u2019analyse tels que Google Analytics.<\/p><p>Google Analytics<\/p><p>Visualisation de votre pr\u00e9sence sur notre site web, dates et l&rsquo;heure de votre connexion , les pages vu et le temps rester sur chaque pages . La localisation non exacte de la recherche internet.\u00a0Google Analytics, est un service d&rsquo;analyse Web, donn\u00e9 par Google Inc. Stocke et collecte des donn\u00e9es sur ce site Web, en partant des quelles, des profils d&rsquo;utilisateur sont cr\u00e9\u00e9s \u00e0 l&rsquo;aide de pseudonymes. le comportement des visiteurs sont analys\u00e9 \u00a0et sont \u00e9valu\u00e9s afin d&rsquo;am\u00e9liorer et d&rsquo;adapter nos services. Des cookies vont \u00eatre utilis\u00e9s. Il est question de petits fichiers de texte qui sont rang\u00e9 localement sur l&rsquo;ordinateur du visiteur du site, ils seront reconnus \u00e0 la visite d\u2019autres sites. Les informations g\u00e9n\u00e9r\u00e9es par les cookies, concernant votre utilisation de ce site Web, sont g\u00e9n\u00e9ralement transmises \u00e0 un serveur de Google aux \u00c9tats-Unis et y sont enregistr\u00e9. Attention, si l&rsquo;anonymisation de la propri\u00e9t\u00e9 intellectuelle est activ\u00e9e sur ce site Web, votre adresse IP sera raccourcie au pr\u00e9alable par Google dans les \u00c9tats membres de l&rsquo;Union europ\u00e9enne ou d&rsquo;autres parties \u00e0 l&rsquo;Accord sur l&rsquo;Espace \u00e9conomique europ\u00e9en. C\u2019est uniquement dans des cas uniques que l&rsquo;adresse IP compl\u00e8te sera envoy\u00e9e \u00e0 un serveur Google aux \u00c9tats-Unis et y sera raccourcie. Au nom de l&rsquo;exploitant de ce site Web, Google utilisera ces informations pour \u00e9valuer votre utilisation de ce site Web, pour r\u00e9diger des rapports sur l&rsquo;activit\u00e9 du site Web et pour fournir d&rsquo;autres services li\u00e9s \u00e0 l&rsquo;activit\u00e9 du site Web et \u00e0 l&rsquo;utilisation d&rsquo;Internet \u00e0 l&rsquo;exploitant du site Web. Les profils de l&rsquo;utilisateur avec un pseudonyme ne seront pas fusionn\u00e9s avec les donn\u00e9es personnelles du porteur du pseudonyme sans son consentement expr\u00e8s de la personne concern\u00e9e. Vous pouvez vous opposer \u00e0 tout moment \u00e0 la collecte et au stockage de vos donn\u00e9es \u00e0 des fins d&rsquo;analyse Web, applicable \u00e0 l\u2019avenir. Voir : https:\/\/tools.google.com\/dlpage\/gaoptout?hl=fr<\/p><p><strong>Gestion des cookies<\/strong><\/p><p>Vous pouvez facilement effacer les cookies de votre ordinateur ou de votre appareil mobile \u00e0 l\u2019aide de votre navigateur.\u00a0<\/p><p>Pour la gestion des cookies et de vos choix, la configuration de chaque navigateur est diff\u00e9rente. Elle est d\u00e9crite dans le menu d\u2019aide de votre navigateur, qui vous permettra de savoir de quelle mani\u00e8re modifier vos souhaits en mati\u00e8re de cookies.<br \/>Pour Internet Explorer\u2122 :\u00a0<a href=\"http:\/\/windows.microsoft.com\/fr-FR\/windows-vista\/Block-or-allow-cookies\">http:\/\/windows.microsoft.com\/fr-FR\/windows-vista\/Block-or-allow-cookies<\/a>\u00a0,<br \/>Pour Safari\u2122 :\u00a0<a href=\"http:\/\/docs.info.apple.com\/article.html?path=Safari\/3.0\/fr\/9277.html\">http:\/\/docs.info.apple.com\/article.html?path=Safari\/3.0\/fr\/9277.html<\/a>\u00a0,<br \/>Pour Chrome\u2122 :\u00a0<a href=\"http:\/\/support.google.com\/chrome\/bin\/answer.py?hl=fr&amp;hlrm=en&amp;answer=95647\">http:\/\/support.google.com\/chrome\/bin\/answer.py?hl=fr&amp;hlrm=en&amp;answer=95647<\/a>\u00a0,<br \/>Pour Firefox\u2122 :\u00a0<a href=\"http:\/\/support.mozilla.org\/fr\/kb\/Activer%20et%20d%C3%A9sactiver%20les%20cookies\">http:\/\/support.mozilla.org\/fr\/kb\/Activer%20et%20d%C3%A9sactiver%20les%20cookies<\/a>\u00a0,<br \/>Pour Opera\u2122 :\u00a0<a href=\"http:\/\/help.opera.com\/Windows\/10.20\/fr\/cookies.html\">http:\/\/help.opera.com\/Windows\/10.20\/fr\/cookies.html<\/a><\/p><p><a href=\"https:\/\/mediamars.fr\/creation-site-internet-marseille\/\">Cr\u00e9ation site internet Marseille\u00a0<\/a><\/p>\t\t\t\t\t\t\t\t<\/div>\n\t\t\t\t<\/div>\n\t\t\t\t\t<\/div>\n\t\t<\/div>\n\t\t\t\t\t<\/div>\n\t\t<\/section>\n\t\t\t\t<\/div>\n\t\t","protected":false},"excerpt":{"rendered":"<p>Qui sommes-nous&nbsp;? L\u2019adresse de notre site Web est : http:\/\/vosanimauxetmoi.com. &nbsp;L\u00e9a Bidondo Administratrice du site web. Utilisation des donn\u00e9es personnelles collect\u00e9es Comment vos donn\u00e9es personnelles sont-elles r\u00e9colt\u00e9es ?&nbsp; Vos donn\u00e9es personnelles sont r\u00e9colt\u00e9es via notre formulaire du contact, en bas de chaque page ainsi que sur notre page contact. Quels types de donn\u00e9es sont r\u00e9colt\u00e9s [&hellip;]<\/p>\n","protected":false},"author":1,"featured_media":0,"parent":0,"menu_order":0,"comment_status":"closed","ping_status":"open","template":"","meta":{"_eb_attr":"","_uag_custom_page_level_css":"","site-sidebar-layout":"default","site-content-layout":"default","ast-site-content-layout":"","site-content-style":"default","site-sidebar-style":"default","ast-global-header-display":"","ast-banner-title-visibility":"","ast-main-header-display":"","ast-hfb-above-header-display":"","ast-hfb-below-header-display":"","ast-hfb-mobile-header-display":"","site-post-title":"","ast-breadcrumbs-content":"","ast-featured-img":"","footer-sml-layout":"","theme-transparent-header-meta":"default","adv-header-id-meta":"","stick-header-meta":"","header-above-stick-meta":"","header-main-stick-meta":"","header-below-stick-meta":"","astra-migrate-meta-layouts":"default","ast-page-background-enabled":"default","ast-page-background-meta":{"desktop":{"background-color":"","background-image":"","background-repeat":"repeat","background-position":"center center","background-size":"auto","background-attachment":"scroll","background-type":"","background-media":"","overlay-type":"","overlay-color":"","overlay-opacity":"","overlay-gradient":""},"tablet":{"background-color":"","background-image":"","background-repeat":"repeat","background-position":"center center","background-size":"auto","background-attachment":"scroll","background-type":"","background-media":"","overlay-type":"","overlay-color":"","overlay-opacity":"","overlay-gradient":""},"mobile":{"background-color":"","background-image":"","background-repeat":"repeat","background-position":"center center","background-size":"auto","background-attachment":"scroll","background-type":"","background-media":"","overlay-type":"","overlay-color":"","overlay-opacity":"","overlay-gradient":""}},"ast-content-background-meta":{"desktop":{"background-color":"var(--ast-global-color-5)","background-image":"","background-repeat":"repeat","background-position":"center center","background-size":"auto","background-attachment":"scroll","background-type":"","background-media":"","overlay-type":"","overlay-color":"","overlay-opacity":"","overlay-gradient":""},"tablet":{"background-color":"var(--ast-global-color-5)","background-image":"","background-repeat":"repeat","background-position":"center center","background-size":"auto","background-attachment":"scroll","background-type":"","background-media":"","overlay-type":"","overlay-color":"","overlay-opacity":"","overlay-gradient":""},"mobile":{"background-color":"var(--ast-global-color-5)","background-image":"","background-repeat":"repeat","background-position":"center center","background-size":"auto","background-attachment":"scroll","background-type":"","background-media":"","overlay-type":"","overlay-color":"","overlay-opacity":"","overlay-gradient":""}},"footnotes":""},"class_list":["post-3","page","type-page","status-publish","hentry"],"yoast_head":"<!-- This site is optimized with the Yoast SEO plugin v27.4 - https:\/\/yoast.com\/product\/yoast-seo-wordpress\/ -->\n<title>Politique de confidentialit\u00e9 - Vos animaux et moi<\/title>\n<meta name=\"robots\" content=\"index, follow, max-snippet:-1, max-image-preview:large, max-video-preview:-1\" \/>\n<link rel=\"canonical\" href=\"https:\/\/vosanimauxetmoi.com\/index.php\/politique-de-confidentialite\/\" \/>\n<meta property=\"og:locale\" content=\"fr_FR\" \/>\n<meta property=\"og:type\" content=\"article\" \/>\n<meta property=\"og:title\" content=\"Politique de confidentialit\u00e9 - Vos animaux et moi\" \/>\n<meta property=\"og:description\" content=\"Qui sommes-nous&nbsp;? L\u2019adresse de notre site Web est : http:\/\/vosanimauxetmoi.com. &nbsp;L\u00e9a Bidondo Administratrice du site web. Utilisation des donn\u00e9es personnelles collect\u00e9es Comment vos donn\u00e9es personnelles sont-elles r\u00e9colt\u00e9es ?&nbsp; Vos donn\u00e9es personnelles sont r\u00e9colt\u00e9es via notre formulaire du contact, en bas de chaque page ainsi que sur notre page contact. Quels types de donn\u00e9es sont r\u00e9colt\u00e9s [&hellip;]\" \/>\n<meta property=\"og:url\" content=\"https:\/\/vosanimauxetmoi.com\/index.php\/politique-de-confidentialite\/\" \/>\n<meta property=\"og:site_name\" content=\"Vos animaux et moi\" \/>\n<meta property=\"article:modified_time\" content=\"2021-07-04T12:27:11+00:00\" \/>\n<meta name=\"twitter:card\" content=\"summary_large_image\" \/>\n<meta name=\"twitter:label1\" content=\"Dur\u00e9e de lecture estim\u00e9e\" \/>\n\t<meta name=\"twitter:data1\" content=\"4 minutes\" \/>\n<script type=\"application\/ld+json\" class=\"yoast-schema-graph\">{\"@context\":\"https:\\\/\\\/schema.org\",\"@graph\":[{\"@type\":\"WebPage\",\"@id\":\"https:\\\/\\\/vosanimauxetmoi.com\\\/index.php\\\/politique-de-confidentialite\\\/\",\"url\":\"https:\\\/\\\/vosanimauxetmoi.com\\\/index.php\\\/politique-de-confidentialite\\\/\",\"name\":\"Politique de confidentialit\u00e9 - Vos animaux et moi\",\"isPartOf\":{\"@id\":\"https:\\\/\\\/vosanimauxetmoi.com\\\/#website\"},\"datePublished\":\"2019-11-06T15:51:14+00:00\",\"dateModified\":\"2021-07-04T12:27:11+00:00\",\"breadcrumb\":{\"@id\":\"https:\\\/\\\/vosanimauxetmoi.com\\\/index.php\\\/politique-de-confidentialite\\\/#breadcrumb\"},\"inLanguage\":\"fr-FR\",\"potentialAction\":[{\"@type\":\"ReadAction\",\"target\":[\"https:\\\/\\\/vosanimauxetmoi.com\\\/index.php\\\/politique-de-confidentialite\\\/\"]}]},{\"@type\":\"BreadcrumbList\",\"@id\":\"https:\\\/\\\/vosanimauxetmoi.com\\\/index.php\\\/politique-de-confidentialite\\\/#breadcrumb\",\"itemListElement\":[{\"@type\":\"ListItem\",\"position\":1,\"name\":\"Accueil\",\"item\":\"https:\\\/\\\/vosanimauxetmoi.com\\\/\"},{\"@type\":\"ListItem\",\"position\":2,\"name\":\"Politique de confidentialit\u00e9\"}]},{\"@type\":\"WebSite\",\"@id\":\"https:\\\/\\\/vosanimauxetmoi.com\\\/#website\",\"url\":\"https:\\\/\\\/vosanimauxetmoi.com\\\/\",\"name\":\"Vos animaux et moi\",\"description\":\"Education canine pension familiale canine\",\"publisher\":{\"@id\":\"https:\\\/\\\/vosanimauxetmoi.com\\\/#organization\"},\"potentialAction\":[{\"@type\":\"SearchAction\",\"target\":{\"@type\":\"EntryPoint\",\"urlTemplate\":\"https:\\\/\\\/vosanimauxetmoi.com\\\/?s={search_term_string}\"},\"query-input\":{\"@type\":\"PropertyValueSpecification\",\"valueRequired\":true,\"valueName\":\"search_term_string\"}}],\"inLanguage\":\"fr-FR\"},{\"@type\":\"Organization\",\"@id\":\"https:\\\/\\\/vosanimauxetmoi.com\\\/#organization\",\"name\":\"Vos animaux et moi\",\"url\":\"https:\\\/\\\/vosanimauxetmoi.com\\\/\",\"logo\":{\"@type\":\"ImageObject\",\"inLanguage\":\"fr-FR\",\"@id\":\"https:\\\/\\\/vosanimauxetmoi.com\\\/#\\\/schema\\\/logo\\\/image\\\/\",\"url\":\"https:\\\/\\\/vosanimauxetmoi.com\\\/wp-content\\\/uploads\\\/2022\\\/11\\\/LOGO-2.png\",\"contentUrl\":\"https:\\\/\\\/vosanimauxetmoi.com\\\/wp-content\\\/uploads\\\/2022\\\/11\\\/LOGO-2.png\",\"width\":1265,\"height\":1457,\"caption\":\"Vos animaux et moi\"},\"image\":{\"@id\":\"https:\\\/\\\/vosanimauxetmoi.com\\\/#\\\/schema\\\/logo\\\/image\\\/\"}}]}<\/script>\n<!-- \/ Yoast SEO plugin. -->","yoast_head_json":{"title":"Politique de confidentialit\u00e9 - Vos animaux et moi","robots":{"index":"index","follow":"follow","max-snippet":"max-snippet:-1","max-image-preview":"max-image-preview:large","max-video-preview":"max-video-preview:-1"},"canonical":"https:\/\/vosanimauxetmoi.com\/index.php\/politique-de-confidentialite\/","og_locale":"fr_FR","og_type":"article","og_title":"Politique de confidentialit\u00e9 - Vos animaux et moi","og_description":"Qui sommes-nous&nbsp;? L\u2019adresse de notre site Web est : http:\/\/vosanimauxetmoi.com. &nbsp;L\u00e9a Bidondo Administratrice du site web. Utilisation des donn\u00e9es personnelles collect\u00e9es Comment vos donn\u00e9es personnelles sont-elles r\u00e9colt\u00e9es ?&nbsp; Vos donn\u00e9es personnelles sont r\u00e9colt\u00e9es via notre formulaire du contact, en bas de chaque page ainsi que sur notre page contact. Quels types de donn\u00e9es sont r\u00e9colt\u00e9s [&hellip;]","og_url":"https:\/\/vosanimauxetmoi.com\/index.php\/politique-de-confidentialite\/","og_site_name":"Vos animaux et moi","article_modified_time":"2021-07-04T12:27:11+00:00","twitter_card":"summary_large_image","twitter_misc":{"Dur\u00e9e de lecture estim\u00e9e":"4 minutes"},"schema":{"@context":"https:\/\/schema.org","@graph":[{"@type":"WebPage","@id":"https:\/\/vosanimauxetmoi.com\/index.php\/politique-de-confidentialite\/","url":"https:\/\/vosanimauxetmoi.com\/index.php\/politique-de-confidentialite\/","name":"Politique de confidentialit\u00e9 - Vos animaux et moi","isPartOf":{"@id":"https:\/\/vosanimauxetmoi.com\/#website"},"datePublished":"2019-11-06T15:51:14+00:00","dateModified":"2021-07-04T12:27:11+00:00","breadcrumb":{"@id":"https:\/\/vosanimauxetmoi.com\/index.php\/politique-de-confidentialite\/#breadcrumb"},"inLanguage":"fr-FR","potentialAction":[{"@type":"ReadAction","target":["https:\/\/vosanimauxetmoi.com\/index.php\/politique-de-confidentialite\/"]}]},{"@type":"BreadcrumbList","@id":"https:\/\/vosanimauxetmoi.com\/index.php\/politique-de-confidentialite\/#breadcrumb","itemListElement":[{"@type":"ListItem","position":1,"name":"Accueil","item":"https:\/\/vosanimauxetmoi.com\/"},{"@type":"ListItem","position":2,"name":"Politique de confidentialit\u00e9"}]},{"@type":"WebSite","@id":"https:\/\/vosanimauxetmoi.com\/#website","url":"https:\/\/vosanimauxetmoi.com\/","name":"Vos animaux et moi","description":"Education canine pension familiale canine","publisher":{"@id":"https:\/\/vosanimauxetmoi.com\/#organization"},"potentialAction":[{"@type":"SearchAction","target":{"@type":"EntryPoint","urlTemplate":"https:\/\/vosanimauxetmoi.com\/?s={search_term_string}"},"query-input":{"@type":"PropertyValueSpecification","valueRequired":true,"valueName":"search_term_string"}}],"inLanguage":"fr-FR"},{"@type":"Organization","@id":"https:\/\/vosanimauxetmoi.com\/#organization","name":"Vos animaux et moi","url":"https:\/\/vosanimauxetmoi.com\/","logo":{"@type":"ImageObject","inLanguage":"fr-FR","@id":"https:\/\/vosanimauxetmoi.com\/#\/schema\/logo\/image\/","url":"https:\/\/vosanimauxetmoi.com\/wp-content\/uploads\/2022\/11\/LOGO-2.png","contentUrl":"https:\/\/vosanimauxetmoi.com\/wp-content\/uploads\/2022\/11\/LOGO-2.png","width":1265,"height":1457,"caption":"Vos animaux et moi"},"image":{"@id":"https:\/\/vosanimauxetmoi.com\/#\/schema\/logo\/image\/"}}]}},"uagb_featured_image_src":{"full":false,"thumbnail":false,"medium":false,"medium_large":false,"large":false,"1536x1536":false,"2048x2048":false,"woocommerce_thumbnail":false,"woocommerce_single":false,"woocommerce_gallery_thumbnail":false},"uagb_author_info":{"display_name":"admin3847","author_link":"https:\/\/vosanimauxetmoi.com\/index.php\/author\/admin3847\/"},"uagb_comment_info":0,"uagb_excerpt":"Qui sommes-nous&nbsp;? L\u2019adresse de notre site Web est : http:\/\/vosanimauxetmoi.com. &nbsp;L\u00e9a Bidondo Administratrice du site web. Utilisation des donn\u00e9es personnelles collect\u00e9es Comment vos donn\u00e9es personnelles sont-elles r\u00e9colt\u00e9es ?&nbsp; Vos donn\u00e9es personnelles sont r\u00e9colt\u00e9es via notre formulaire du contact, en bas de chaque page ainsi que sur notre page contact. Quels types de donn\u00e9es sont r\u00e9colt\u00e9s\u2026","_links":{"self":[{"href":"https:\/\/vosanimauxetmoi.com\/index.php\/wp-json\/wp\/v2\/pages\/3","targetHints":{"allow":["GET"]}}],"collection":[{"href":"https:\/\/vosanimauxetmoi.com\/index.php\/wp-json\/wp\/v2\/pages"}],"about":[{"href":"https:\/\/vosanimauxetmoi.com\/index.php\/wp-json\/wp\/v2\/types\/page"}],"author":[{"embeddable":true,"href":"https:\/\/vosanimauxetmoi.com\/index.php\/wp-json\/wp\/v2\/users\/1"}],"replies":[{"embeddable":true,"href":"https:\/\/vosanimauxetmoi.com\/index.php\/wp-json\/wp\/v2\/comments?post=3"}],"version-history":[{"count":14,"href":"https:\/\/vosanimauxetmoi.com\/index.php\/wp-json\/wp\/v2\/pages\/3\/revisions"}],"predecessor-version":[{"id":1746,"href":"https:\/\/vosanimauxetmoi.com\/index.php\/wp-json\/wp\/v2\/pages\/3\/revisions\/1746"}],"wp:attachment":[{"href":"https:\/\/vosanimauxetmoi.com\/index.php\/wp-json\/wp\/v2\/media?parent=3"}],"curies":[{"name":"wp","href":"https:\/\/api.w.org\/{rel}","templated":true}]}}